{"id":11174,"date":"2024-07-15T16:59:09","date_gmt":"2024-07-15T16:59:09","guid":{"rendered":"https:\/\/nigredopress.it\/refund-and-return-policy\/"},"modified":"2026-03-23T16:37:32","modified_gmt":"2026-03-23T16:37:32","slug":"refund-and-return-policy","status":"publish","type":"page","link":"https:\/\/nigredopress.it\/en\/refund-and-return-policy\/","title":{"rendered":"Refund and return policy"},"content":{"rendered":"<section class=\"l-section wpb_row height_medium color_alternate\"><div class=\"l-section-h i-cf\"><div class=\"g-cols vc_row via_grid cols_1 laptops-cols_inherit tablets-cols_inherit mobiles-cols_1 valign_top type_default stacking_default\"><div class=\"wpb_column vc_column_container\"><div class=\"vc_column-inner\"><div class=\"wpb_text_column\"><div class=\"wpb_wrapper\"><div class=\"wp-block-kadence-column kadence-column10_3116b7-7c\">\n<div class=\"kt-inside-inner-col\">\n<h1 class=\"wp-block-heading has-theme-palette-9-color has-text-color has-link-color wp-elements-33ba0dce7cd1d97989a4e0bfa5ee7c71\">Refund and return policy<\/h1>\n<p>Ai sensi dell\u2019art. 5 Decreto Legislativo 185\/1999, il cliente ha diritto a recedere dal contratto di acquisto per qualsiasi motivo, senza necessit\u00e0 di fornire spiegazioni e senza alcuna penalit\u00e0. Per esercitare tale diritto, il cliente dovr\u00e0 inviare a msedizioni.it una comunicazione in tal senso, entro 14 giorni lavorativi dalla data di ricevimento dei prodotti. Tale comunicazione dovr\u00e0 essere inviata tramite mail all\u2019indirizzo: <a href=\"mailto:info@nigredopress.it\">info@nigredopress.it<\/a><br \/>Una volta pervenuta la suddetta comunicazione di recesso, Nigredo Press provveder\u00e0 rapidamente a comunicare al cliente le modalit\u00e0 di restituzione della merce che dovr\u00e0 avvenire entro le successive 48 ore. <\/p>\n<p>Qualora sia avvenuta la consegna del bene, il cliente \u00e8 tenuto a restituirlo <strong>entro sette giorni lavorativi decorrenti dalla data di ricevimento<\/strong> del bene secondo le seguenti modalit\u00e0: <\/p>\n<ol class=\"wp-block-list\">\n<li style=\"list-style-type: none;\">\n<ol>\n<li style=\"list-style-type: none;\">\n<ol>\n<li>the right applies to the purchased product in its entirety;<\/li>\n<\/ol>\n<\/li>\n<\/ol>\n<p><\/p>\n<ol>\n<li style=\"list-style-type: none;\">\n<ol>\n<li>No returns or replacements can be made for half-sealed products (protective pouches, zip-locks, loose nuts etc.) or for used or damaged products offered at a special price;<\/li>\n<\/ol>\n<\/li>\n<\/ol>\n<p><\/p>\n<ol>\n<li style=\"list-style-type: none;\">\n<ol>\n<li>No returns can be made of orders containing gift promotions, bonuses, goodies or other benefits or orders placed during special promotions that include limits or constraints on the order itself (e.g. euro limits, courier limits, time limits, quantity limits etc.).<\/li>\n<\/ol>\n<\/li>\n<\/ol>\n<p><\/p>\n<ol>\n<li style=\"list-style-type: none;\">\n<ol>\n<li>the purchased goods must be intact and returned in the original packaging, complete in all its parts and any protective cellophane. Opened or discarded or defustrated products cannot be returned;<\/li>\n<\/ol>\n<\/li>\n<\/ol>\n<p><\/p>\n<ol>\n<li style=\"list-style-type: none;\">\n<ol>\n<li>the purchased goods must be returned in the original packaging or similar and free of any dents, scratches, cuts or other damage that would reduce the commercial value;<\/li>\n<\/ol>\n<\/li>\n<\/ol>\n<p><\/p>\n<ol>\n<li style=\"list-style-type: none;\">\n<ol>\n<li>In accordance with the law, return shipping costs are the responsibility of the customer;<\/li>\n<\/ol>\n<\/li>\n<\/ol>\n<p><\/p>\n<ol>\n<li style=\"list-style-type: none;\">\n<ol>\n<li>the shipment remains under the complete responsibility of the customer, until the certificate of receipt at: Nigredo Press s.r.l.s. , Via Tripoli 47\/a 47122 &#8211; Forli (FC);<\/li>\n<\/ol>\n<\/li>\n<\/ol>\n<p><\/p>\n<ol>\n<li style=\"list-style-type: none;\">\n<ol>\n<li>in case of damage to the property during transport, Nigredo Press will notify the customer of the incident (within one working day after receipt of the goods in their warehouses), to enable him to file a timely complaint against the carrier of his choice and obtain reimbursement of the value of the property (if insured); in this case, the product will be returned, with shipping costs borne by the customer, simultaneously canceling the request for withdrawal or alternatively the value will be deducted from the amount of the refund.<\/li>\n<\/ol>\n<\/li>\n<\/ol>\n<p>Nigredo Press non risponde in nessun modo per danneggiamenti o furto\/smarrimento di beni restituiti con spedizioni non assicurate; al suo arrivo in magazzino, il prodotto sar\u00e0 esaminato per valutare eventuali danni o manomissioni non derivanti dal trasporto.<br \/>Nigredo Press provveder\u00e0 a rimborsare al cliente l\u2019intero importo gi\u00e0 pagato, entro 14 giorni dal momento di accettazione del reso e sar\u00e0 cura del cliente fornire tempestivamente il metodo preferito per il rimborso tra paypal, carta di credito o bonifico bancario. <\/p>\n<p>Qualora Nigredo Press ravvisi utilizzi distorti e\/o dannosi del diritto di reso provveder\u00e0 alla sospensione \/ chiusura dell\u2019account come da Termini di Servizio e di Vendita.<\/p>\n<ol><\/ol>\n<\/li>\n<\/ol>\n<\/div>\n<\/div>\n<p><!-- \/wp:post-content --><\/p>\n<p>&nbsp;<\/p>\n<\/div><\/div><\/div><\/div><\/div><\/div><\/section>","protected":false},"excerpt":{"rendered":"Refund and return policy Ai sensi dell\u2019art. 5 Decreto Legislativo 185\/1999, il cliente ha diritto a recedere dal contratto di acquisto per qualsiasi motivo, senza necessit\u00e0 di fornire spiegazioni e senza alcuna penalit\u00e0. Per esercitare tale diritto, il cliente dovr\u00e0 inviare a msedizioni.it una comunicazione in tal senso, entro 14 giorni lavorativi dalla data di...","protected":false},"author":1,"featured_media":0,"parent":0,"menu_order":0,"comment_status":"closed","ping_status":"closed","template":"","meta":{"_acf_changed":false,"footnotes":""},"class_list":["post-11174","page","type-page","status-publish","hentry"],"acf":[],"_links":{"self":[{"href":"https:\/\/nigredopress.it\/en\/wp-json\/wp\/v2\/pages\/11174","targetHints":{"allow":["GET"]}}],"collection":[{"href":"https:\/\/nigredopress.it\/en\/wp-json\/wp\/v2\/pages"}],"about":[{"href":"https:\/\/nigredopress.it\/en\/wp-json\/wp\/v2\/types\/page"}],"author":[{"embeddable":true,"href":"https:\/\/nigredopress.it\/en\/wp-json\/wp\/v2\/users\/1"}],"replies":[{"embeddable":true,"href":"https:\/\/nigredopress.it\/en\/wp-json\/wp\/v2\/comments?post=11174"}],"version-history":[{"count":6,"href":"https:\/\/nigredopress.it\/en\/wp-json\/wp\/v2\/pages\/11174\/revisions"}],"predecessor-version":[{"id":13582,"href":"https:\/\/nigredopress.it\/en\/wp-json\/wp\/v2\/pages\/11174\/revisions\/13582"}],"wp:attachment":[{"href":"https:\/\/nigredopress.it\/en\/wp-json\/wp\/v2\/media?parent=11174"}],"curies":[{"name":"wp","href":"https:\/\/api.w.org\/{rel}","templated":true}]}}